{"id":9,"date":"2022-01-26T14:48:15","date_gmt":"2022-01-26T14:48:15","guid":{"rendered":"http:\/\/slojdgillet.se\/?page_id=9"},"modified":"2026-04-12T14:40:28","modified_gmt":"2026-04-12T14:40:28","slug":"sollentuna-slojdgille","status":"publish","type":"page","link":"https:\/\/slojdgillet.se\/","title":{"rendered":"Sollentuna sl\u00f6jdgille"},"content":{"rendered":"\t\t<div data-elementor-type=\"wp-page\" data-elementor-id=\"9\" class=\"elementor elementor-9\">\n\t\t\t\t\t\t<section class=\"elementor-section elementor-top-section elementor-element elementor-element-83947af elementor-section-content-middle elementor-section-boxed elementor-section-height-default elementor-section-height-default\" data-id=\"83947af\" data-element_type=\"section\" data-e-type=\"section\" data-settings=\"{&quot;background_background&quot;:&quot;classic&quot;}\">\n\t\t\t\t\t\t\t<div class=\"elementor-background-overlay\"><\/div>\n\t\t\t\t\t\t\t<div class=\"elementor-container elementor-column-gap-custom\">\n\t\t\t\t\t<div class=\"elementor-column elementor-col-100 elementor-top-column elementor-element elementor-element-4ec255d\" data-id=\"4ec255d\" data-element_type=\"column\" data-e-type=\"column\">\n\t\t\t<div class=\"elementor-widget-wrap elementor-element-populated\">\n\t\t\t\t\t\t<div class=\"elementor-element elementor-element-a7ae36d elementor-widget elementor-widget-heading\" data-id=\"a7ae36d\" data-element_type=\"widget\" data-e-type=\"widget\" data-widget_type=\"heading.default\">\n\t\t\t\t<div class=\"elementor-widget-container\">\n\t\t\t\t\t<h2 class=\"elementor-heading-title elementor-size-xl\">Sollentuna Sl\u00f6jdgille<\/h2>\t\t\t\t<\/div>\n\t\t\t\t<\/div>\n\t\t\t\t<div class=\"elementor-element elementor-element-7dd260b elementor-widget elementor-widget-text-editor\" data-id=\"7dd260b\" data-element_type=\"widget\" data-e-type=\"widget\" data-widget_type=\"text-editor.default\">\n\t\t\t\t<div class=\"elementor-widget-container\">\n\t\t\t\t\t\t\t\t\t<h3 style=\"text-align: center;\">V\u00e4lkommen till Sollentuna Sl\u00f6jdgille<\/h3><h3>Vi har \u00f6ppet i stugan varje m\u00e5ndag kl 18-21<\/h3><h3>och varje torsdag kl 13-16<\/h3><h3>Titta in under program och se hela kalendariet f\u00f6r v\u00e5ren 2026<\/h3><h3>Vi ses p\u00e5 Sollentunav\u00e4gen 129<\/h3><h4>\u00a0<\/h4>\t\t\t\t\t\t\t\t<\/div>\n\t\t\t\t<\/div>\n\t\t\t\t<div class=\"elementor-element elementor-element-307a246 elementor-widget-divider--view-line elementor-widget elementor-widget-divider\" data-id=\"307a246\" data-element_type=\"widget\" data-e-type=\"widget\" data-widget_type=\"divider.default\">\n\t\t\t\t<div class=\"elementor-widget-container\">\n\t\t\t\t\t\t\t<div class=\"elementor-divider\">\n\t\t\t<span class=\"elementor-divider-separator\">\n\t\t\t\t\t\t<\/span>\n\t\t<\/div>\n\t\t\t\t\t\t<\/div>\n\t\t\t\t<\/div>\n\t\t\t\t<div class=\"elementor-element elementor-element-617610c elementor-widget elementor-widget-image\" data-id=\"617610c\" data-element_type=\"widget\" data-e-type=\"widget\" data-widget_type=\"image.default\">\n\t\t\t\t<div class=\"elementor-widget-container\">\n\t\t\t\t\t\t\t\t\t\t\t\t\t\t\t<img decoding=\"async\" src=\"http:\/\/slojdgillet.se\/wp-content\/uploads\/2025\/02\/Skarmdump-utstallning-ull.docx\" title=\"\" alt=\"\" loading=\"lazy\" \/>\t\t\t\t\t\t\t\t\t\t\t\t\t\t\t<\/div>\n\t\t\t\t<\/div>\n\t\t\t\t<div class=\"elementor-element elementor-element-00587dc elementor-widget elementor-widget-image\" data-id=\"00587dc\" data-element_type=\"widget\" data-e-type=\"widget\" data-widget_type=\"image.default\">\n\t\t\t\t<div class=\"elementor-widget-container\">\n\t\t\t\t\t\t\t\t\t\t\t\t\t\t\t<img fetchpriority=\"high\" decoding=\"async\" width=\"1605\" height=\"2048\" src=\"https:\/\/slojdgillet.se\/wp-content\/uploads\/2023\/03\/20230305_1101005610-1605x2048.jpg\" class=\"attachment-2048x2048 size-2048x2048 wp-image-1066\" alt=\"\" srcset=\"https:\/\/slojdgillet.se\/wp-content\/uploads\/2023\/03\/20230305_1101005610-1605x2048.jpg 1605w, https:\/\/slojdgillet.se\/wp-content\/uploads\/2023\/03\/20230305_1101005610-235x300.jpg 235w, https:\/\/slojdgillet.se\/wp-content\/uploads\/2023\/03\/20230305_1101005610-802x1024.jpg 802w, https:\/\/slojdgillet.se\/wp-content\/uploads\/2023\/03\/20230305_1101005610-768x980.jpg 768w, https:\/\/slojdgillet.se\/wp-content\/uploads\/2023\/03\/20230305_1101005610-1204x1536.jpg 1204w, https:\/\/slojdgillet.se\/wp-content\/uploads\/2023\/03\/20230305_1101005610-scaled.jpg 2006w\" sizes=\"(max-width: 1605px) 100vw, 1605px\" \/>\t\t\t\t\t\t\t\t\t\t\t\t\t\t\t<\/div>\n\t\t\t\t<\/div>\n\t\t\t\t<div class=\"elementor-element elementor-element-ef1824e elementor-widget elementor-widget-text-editor\" data-id=\"ef1824e\" data-element_type=\"widget\" data-e-type=\"widget\" data-widget_type=\"text-editor.default\">\n\t\t\t\t<div class=\"elementor-widget-container\">\n\t\t\t\t\t\t\t\t\t<h1>\u00a0V\u00e4lkomna!<\/h1><h4>Sollentunav\u00e4gen129\u00a0 gillet@slojdgillet.se\u00a0 slojdgillet.se<\/h4>\t\t\t\t\t\t\t\t<\/div>\n\t\t\t\t<\/div>\n\t\t\t\t<div class=\"elementor-element elementor-element-8693065 elementor-widget elementor-widget-heading\" data-id=\"8693065\" data-element_type=\"widget\" data-e-type=\"widget\" data-widget_type=\"heading.default\">\n\t\t\t\t<div class=\"elementor-widget-container\">\n\t\t\t\t\t<h1 class=\"elementor-heading-title elementor-size-large\">\n<\/h1>\t\t\t\t<\/div>\n\t\t\t\t<\/div>\n\t\t\t\t<div class=\"elementor-element elementor-element-cf96f06 elementor-widget elementor-widget-text-editor\" data-id=\"cf96f06\" data-element_type=\"widget\" data-e-type=\"widget\" data-widget_type=\"text-editor.default\">\n\t\t\t\t<div class=\"elementor-widget-container\">\n\t\t\t\t\t\t\t\t\t<h4>\u00a0<\/h4><h4>\u00a0 \u00a0 \u00a0 \u00a0 \u00a0 \u00a0 \u00a0 \u00a0 \u00a0 \u00a0 \u00a0 \u00a0 \u00a0 \u00a0 \u00a0 \u00a0 \u00a0 \u00a0<\/h4>\t\t\t\t\t\t\t\t<\/div>\n\t\t\t\t<\/div>\n\t\t\t\t\t<\/div>\n\t\t<\/div>\n\t\t\t\t\t<\/div>\n\t\t<\/section>\n\t\t\t\t<section class=\"elementor-section elementor-top-section elementor-element elementor-element-cf3fd53 elementor-section-boxed elementor-section-height-default elementor-section-height-default\" data-id=\"cf3fd53\" data-element_type=\"section\" data-e-type=\"section\">\n\t\t\t\t\t\t<div class=\"elementor-container elementor-column-gap-default\">\n\t\t\t\t\t<div class=\"elementor-column elementor-col-100 elementor-top-column elementor-element elementor-element-e58d271\" data-id=\"e58d271\" data-element_type=\"column\" data-e-type=\"column\">\n\t\t\t<div class=\"elementor-widget-wrap elementor-element-populated\">\n\t\t\t\t\t\t<section class=\"elementor-section elementor-inner-section elementor-element elementor-element-b31500d elementor-section-boxed elementor-section-height-default elementor-section-height-default\" data-id=\"b31500d\" data-element_type=\"section\" data-e-type=\"section\">\n\t\t\t\t\t\t<div class=\"elementor-container elementor-column-gap-default\">\n\t\t\t\t\t<div class=\"elementor-column elementor-col-50 elementor-inner-column elementor-element elementor-element-348ac37\" data-id=\"348ac37\" data-element_type=\"column\" data-e-type=\"column\">\n\t\t\t<div class=\"elementor-widget-wrap\">\n\t\t\t\t\t\t\t<\/div>\n\t\t<\/div>\n\t\t\t\t<div class=\"elementor-column elementor-col-50 elementor-inner-column elementor-element elementor-element-c427a5d\" data-id=\"c427a5d\" data-element_type=\"column\" data-e-type=\"column\">\n\t\t\t<div class=\"elementor-widget-wrap\">\n\t\t\t\t\t\t\t<\/div>\n\t\t<\/div>\n\t\t\t\t\t<\/div>\n\t\t<\/section>\n\t\t\t\t\t<\/div>\n\t\t<\/div>\n\t\t\t\t\t<\/div>\n\t\t<\/section>\n\t\t\t\t<\/div>\n\t\t","protected":false},"excerpt":{"rendered":"<p>Sollentuna Sl\u00f6jdgille V\u00e4lkommen till Sollentuna Sl\u00f6jdgille Vi har \u00f6ppet i stugan varje m\u00e5ndag kl 18-21 och varje torsdag kl 13-16 Titta in under program och se hela kalendariet f\u00f6r v\u00e5ren 2026 Vi ses p\u00e5 Sollentunav\u00e4gen 129 \u00a0 \u00a0V\u00e4lkomna! Sollentunav\u00e4gen129\u00a0 gillet@slojdgillet.se\u00a0 <a class=\"more-link\" href=\"https:\/\/slojdgillet.se\/\">L\u00e4s mer \u2026<\/a><\/p>\n","protected":false},"author":2,"featured_media":0,"parent":0,"menu_order":0,"comment_status":"closed","ping_status":"closed","template":"","meta":{"footnotes":""},"class_list":["post-9","page","type-page","status-publish","hentry"],"_links":{"self":[{"href":"https:\/\/slojdgillet.se\/index.php\/wp-json\/wp\/v2\/pages\/9","targetHints":{"allow":["GET"]}}],"collection":[{"href":"https:\/\/slojdgillet.se\/index.php\/wp-json\/wp\/v2\/pages"}],"about":[{"href":"https:\/\/slojdgillet.se\/index.php\/wp-json\/wp\/v2\/types\/page"}],"author":[{"embeddable":true,"href":"https:\/\/slojdgillet.se\/index.php\/wp-json\/wp\/v2\/users\/2"}],"replies":[{"embeddable":true,"href":"https:\/\/slojdgillet.se\/index.php\/wp-json\/wp\/v2\/comments?post=9"}],"version-history":[{"count":610,"href":"https:\/\/slojdgillet.se\/index.php\/wp-json\/wp\/v2\/pages\/9\/revisions"}],"predecessor-version":[{"id":2953,"href":"https:\/\/slojdgillet.se\/index.php\/wp-json\/wp\/v2\/pages\/9\/revisions\/2953"}],"wp:attachment":[{"href":"https:\/\/slojdgillet.se\/index.php\/wp-json\/wp\/v2\/media?parent=9"}],"curies":[{"name":"wp","href":"https:\/\/api.w.org\/{rel}","templated":true}]}}